{"id":130,"date":"2019-03-19T12:25:23","date_gmt":"2019-03-19T12:25:23","guid":{"rendered":"http:\/\/ic.legal\/?page_id=130"},"modified":"2019-04-03T10:15:38","modified_gmt":"2019-04-03T10:15:38","slug":"litigii","status":"publish","type":"page","link":"https:\/\/ic.legal\/it\/servicii\/litigii\/","title":{"rendered":"Contenzioso"},"content":{"rendered":"<p>[vc_row full_width=&#8221;stretch_row&#8221; woodmart_bg_position=&#8221;center-center&#8221; css=&#8221;.vc_custom_1552999930667{padding-top: 150px !important;padding-bottom: 50px !important;background-image: url(http:\/\/ic.legal\/wp-content\/uploads\/2019\/03\/litigii.jpg?id=138) !important;background-position: center !important;background-repeat: no-repeat !important;background-size: cover !important;}&#8221; mobile_bg_img_hidden=&#8221;no&#8221; woodmart_parallax=&#8221;0&#8243; woodmart_gradient_switch=&#8221;no&#8221; row_reverse_mobile=&#8221;0&#8243; row_reverse_tablet=&#8221;0&#8243; woodmart_disable_overflow=&#8221;0&#8243;][vc_column width=&#8221;1\/6&#8243;][\/vc_column][vc_column width=&#8221;2\/3&#8243;]\n\t\t<div id=\"wd-5c9c9669d7bb2\" class=\"title-wrapper  woodmart-title-color-primary woodmart-title-style-underlined woodmart-title-width-100 text-center woodmart-title-size-extra-large \">\n\t\t\t\n\t\t\t<div class=\"liner-continer\">\n\t\t\t\t<span class=\"left-line\"><\/span>\n\t\t\t\t<h1 class=\"woodmart-title-container title  woodmart-font-weight-\" >Contenzioso<\/h1>\t\t\t\t\t\t\t\t<span class=\"right-line\"><\/span>\n\t\t\t<\/div>\n\t\t\t\n\t\t\t\t\t\t\t<div class=\"title-after_title\">Siamo specializzati nel fornire servizi di assistenza e rappresentanza legale in processi del diritto degli affari.<\/div>\n\t\t\t\n\t\t\t\t\t<\/div>\n\t\t\n\t\t[\/vc_column][vc_column width=&#8221;1\/6&#8243;][\/vc_column][\/vc_row][vc_row css=&#8221;.vc_custom_1552998194564{padding-bottom: 40px !important;}&#8221; mobile_bg_img_hidden=&#8221;no&#8221; woodmart_parallax=&#8221;0&#8243; woodmart_gradient_switch=&#8221;no&#8221; row_reverse_mobile=&#8221;0&#8243; row_reverse_tablet=&#8221;0&#8243; woodmart_disable_overflow=&#8221;0&#8243;][vc_column][vc_column_text text_larger=&#8221;no&#8221;]Le nostre specializzazioni sono sia nelle aree di arbitrato internazionale e interno, che in contenziosi riguardanti gli appalti pubblici. La nostra attivit\u00e0 copre tutte le aree del diritto civile, includendo dispute relative a: affari societari, telecomunicazioni, costruzioni &amp; FIDIC, immobiliare, concorrenza, insolvenza, bancario, lavoro e amministrativo.<\/p>\n<p>Indifferente dalle particolarit\u00e0 del caso, il nostro scopo e di risolvere tutte le dispute nel modo pi\u00f9 efficiente possibile, assicurando la celerit\u00e0 e soddisfazione dei nostri clienti. Consideriamo che la migliore risoluzione di una disputa e sempre alla portata delle parti coinvolte, e in questo senso siamo sempre alla ricerca della soluzione bonaria delle dispute, anche durante le procedure di contenzioso, rigorosamente a base delle istruzioni dei nostri clienti.[\/vc_column_text]<div id=\"wd-5c9c96873f0dc\" class=\"woodmart-button-wrapper text-left\"><a href=\"http:\/\/ic.legal\/contact\/\" title=\"Contact\" class=\"btn btn-color-primary btn-style-default btn-shape-rectangle btn-size-default\">Contattateci per ulteriori informazioni<\/a><\/div>[\/vc_column][\/vc_row][vc_row equal_height=&#8221;yes&#8221; content_placement=&#8221;middle&#8221; mobile_bg_img_hidden=&#8221;no&#8221; woodmart_parallax=&#8221;0&#8243; woodmart_gradient_switch=&#8221;no&#8221; row_reverse_mobile=&#8221;0&#8243; row_reverse_tablet=&#8221;0&#8243; woodmart_disable_overflow=&#8221;0&#8243;][vc_column width=&#8221;2\/3&#8243;][vc_column_text text_larger=&#8221;no&#8221;]<\/p>\n<h2>Arbitrato<\/h2>\n<p>Siamo specializzati in procedure di arbitrato internazionale e interno, potendo assistere i nostri clienti in tali dispute in base ai vari regolamenti e giurisdizioni:<\/p>\n<ul>\n<li>Regole di Arbitrato ICC;<\/li>\n<li>Regole di Arbitrato UNCITRAL;<\/li>\n<li>Regole di Arbitrato LCIA;<\/li>\n<li>Regole Svizzere di Arbitrato Internazionale;<\/li>\n<li>Regole di Procedura Arbitrale della Corte di Arbitrato Commerciale Internazionale della Camera di Commercio e Industria della Romania.<\/li>\n<\/ul>\n<p>[\/vc_column_text][\/vc_column][vc_column width=&#8221;1\/3&#8243;][vc_single_image image=&#8221;133&#8243; img_size=&#8221;full&#8221; alignment=&#8221;center&#8221; parallax_scroll=&#8221;no&#8221;][\/vc_column][\/vc_row][vc_row full_width=&#8221;stretch_row&#8221; content_placement=&#8221;middle&#8221; css=&#8221;.vc_custom_1553068352038{background-color: #117f57 !important;}&#8221; mobile_bg_img_hidden=&#8221;no&#8221; woodmart_parallax=&#8221;0&#8243; woodmart_gradient_switch=&#8221;no&#8221; row_reverse_mobile=&#8221;0&#8243; row_reverse_tablet=&#8221;0&#8243; woodmart_disable_overflow=&#8221;0&#8243;][vc_column width=&#8221;3\/4&#8243;][vc_column_text woodmart_color_scheme=&#8221;light&#8221; text_larger=&#8221;yes&#8221;]<\/p>\n<p id=\"tw-target-text\" class=\"tw-data-text tw-ta tw-text-small\" dir=\"ltr\" data-placeholder=\"Traducere\"><span lang=\"it\" tabindex=\"0\">Siamo a vostra disposizione, contattateci per programmare un incontro, fateci sapere i dettagli del vostro caso o ottenete un&#8217;offerta di servizi legali.<\/span><\/p>\n<p>[\/vc_column_text][\/vc_column][vc_column width=&#8221;1\/4&#8243; css=&#8221;.vc_custom_1553068377161{margin-top: 0px !important;border-top-width: 0px !important;padding-top: 0px !important;}&#8221; mobile_bg_img_hidden=&#8221;no&#8221; woodmart_parallax=&#8221;0&#8243; woodmart_sticky_column=&#8221;false&#8221; parallax_scroll=&#8221;no&#8221; mobile_reset_margin=&#8221;no&#8221; tablet_reset_margin=&#8221;no&#8221;]<div id=\"wd-5c9c96e0824e3\" class=\"woodmart-button-wrapper text-center\"><a href=\"http:\/\/ic.legal\/contact\/\" title=\"Contact\" class=\"btn btn-color-white btn-style-default btn-shape-rectangle btn-size-default\">CONTATTI<\/a><\/div>[\/vc_column][\/vc_row][vc_row equal_height=&#8221;yes&#8221; content_placement=&#8221;middle&#8221; mobile_bg_img_hidden=&#8221;no&#8221; woodmart_parallax=&#8221;0&#8243; woodmart_gradient_switch=&#8221;no&#8221; row_reverse_mobile=&#8221;0&#8243; row_reverse_tablet=&#8221;0&#8243; woodmart_disable_overflow=&#8221;0&#8243;][vc_column width=&#8221;1\/3&#8243;][vc_single_image image=&#8221;304&#8243; img_size=&#8221;400&#215;500&#8243; alignment=&#8221;center&#8221; parallax_scroll=&#8221;no&#8221;][\/vc_column][vc_column width=&#8221;2\/3&#8243;][vc_column_text text_larger=&#8221;no&#8221;]<\/p>\n<h2>Appalti pubblici<\/h2>\n<p>Un altro importante settore della nostra attivit\u00e0 \u00e8 collegato agli appalti pubblici in Romania. Negli ultimi anni abbiamo svolto una attivit\u00e0 estesa e coronata da successo nel campo delle contestazioni dei risultati sulle procedure degli appalti pubblici considerate illegali oppure infondate.<\/p>\n<p>Siamo specializzati sia in procedure preliminari di contestazione di fronte al Consiglio Nazionale di Risoluzione delle Contestazioni, che nella preparazione delle denunce contro le decisioni di questo ente di fronte alle corti rumene competenti.[\/vc_column_text][\/vc_column][\/vc_row]<\/p>\n","protected":false},"excerpt":{"rendered":"<p>[vc_row full_width=&#8221;stretch_row&#8221; woodmart_bg_position=&#8221;center-center&#8221; css=&#8221;.vc_custom_1552999930667{padding-top: 150px !important;padding-bottom: 50px !important;background-image: url(http:\/\/ic.legal\/wp-content\/uploads\/2019\/03\/litigii.jpg?id=138) !important;background-position: center !important;background-repeat: no-repeat !important;background-size: cover !important;}&#8221; mobile_bg_img_hidden=&#8221;no&#8221; woodmart_parallax=&#8221;0&#8243; woodmart_gradient_switch=&#8221;no&#8221; row_reverse_mobile=&#8221;0&#8243;<\/p>\n","protected":false},"author":1,"featured_media":0,"parent":86,"menu_order":0,"comment_status":"closed","ping_status":"closed","template":"","meta":{"footnotes":""},"class_list":["post-130","page","type-page","status-publish","hentry"],"yoast_head":"<!-- This site is optimized with the Yoast SEO plugin v27.5 - https:\/\/yoast.com\/product\/yoast-seo-wordpress\/ -->\n<title>Litigii - servicii de asistenta si reprezentare juridica - IC Legal<\/title>\n<meta name=\"description\" content=\"Litigii - IC Legal - Suntem specializati in furnizarea serviciilor de asistenta si reprezentare juridica in principal in litigii de dreptul afacerilor.\" \/>\n<meta name=\"robots\" content=\"index, follow, max-snippet:-1, max-image-preview:large, max-video-preview:-1\" \/>\n<link rel=\"canonical\" href=\"https:\/\/ic.legal\/it\/servicii\/litigii\/\" \/>\n<meta property=\"og:locale\" content=\"it_IT\" \/>\n<meta property=\"og:type\" content=\"article\" \/>\n<meta property=\"og:title\" content=\"Litigii - servicii de asistenta si reprezentare juridica - IC Legal\" \/>\n<meta property=\"og:description\" content=\"Litigii - IC Legal - Suntem specializati in furnizarea serviciilor de asistenta si reprezentare juridica in principal in litigii de dreptul afacerilor.\" \/>\n<meta property=\"og:url\" content=\"https:\/\/ic.legal\/it\/servicii\/litigii\/\" \/>\n<meta property=\"og:site_name\" content=\"IC Legal\" \/>\n<meta property=\"article:modified_time\" content=\"2019-04-03T10:15:38+00:00\" \/>\n<meta name=\"twitter:card\" content=\"summary_large_image\" \/>\n<meta name=\"twitter:label1\" content=\"Tempo di lettura stimato\" \/>\n\t<meta name=\"twitter:data1\" content=\"4 minuti\" \/>\n<script type=\"application\/ld+json\" class=\"yoast-schema-graph\">{\"@context\":\"https:\\\/\\\/schema.org\",\"@graph\":[{\"@type\":\"WebPage\",\"@id\":\"https:\\\/\\\/ic.legal\\\/it\\\/servicii\\\/litigii\\\/\",\"url\":\"https:\\\/\\\/ic.legal\\\/it\\\/servicii\\\/litigii\\\/\",\"name\":\"Litigii - servicii de asistenta si reprezentare juridica - IC Legal\",\"isPartOf\":{\"@id\":\"https:\\\/\\\/ic.legal\\\/#website\"},\"datePublished\":\"2019-03-19T12:25:23+00:00\",\"dateModified\":\"2019-04-03T10:15:38+00:00\",\"description\":\"Litigii - IC Legal - Suntem specializati in furnizarea serviciilor de asistenta si reprezentare juridica in principal in litigii de dreptul afacerilor.\",\"breadcrumb\":{\"@id\":\"https:\\\/\\\/ic.legal\\\/it\\\/servicii\\\/litigii\\\/#breadcrumb\"},\"inLanguage\":\"it-IT\",\"potentialAction\":[{\"@type\":\"ReadAction\",\"target\":[\"https:\\\/\\\/ic.legal\\\/it\\\/servicii\\\/litigii\\\/\"]}]},{\"@type\":\"BreadcrumbList\",\"@id\":\"https:\\\/\\\/ic.legal\\\/it\\\/servicii\\\/litigii\\\/#breadcrumb\",\"itemListElement\":[{\"@type\":\"ListItem\",\"position\":1,\"name\":\"Home\",\"item\":\"https:\\\/\\\/ic.legal\\\/\"},{\"@type\":\"ListItem\",\"position\":2,\"name\":\"Servizi\",\"item\":\"https:\\\/\\\/ic.legal\\\/it\\\/servicii\\\/\"},{\"@type\":\"ListItem\",\"position\":3,\"name\":\"Contenzioso\"}]},{\"@type\":\"WebSite\",\"@id\":\"https:\\\/\\\/ic.legal\\\/#website\",\"url\":\"https:\\\/\\\/ic.legal\\\/\",\"name\":\"IC Legal\",\"description\":\"Servizi legali per arbitrato internazionale, appalti pubblici, costruzioni &amp; FIDIC\",\"potentialAction\":[{\"@type\":\"SearchAction\",\"target\":{\"@type\":\"EntryPoint\",\"urlTemplate\":\"https:\\\/\\\/ic.legal\\\/?s={search_term_string}\"},\"query-input\":{\"@type\":\"PropertyValueSpecification\",\"valueRequired\":true,\"valueName\":\"search_term_string\"}}],\"inLanguage\":\"it-IT\"}]}<\/script>\n<!-- \/ Yoast SEO plugin. -->","yoast_head_json":{"title":"Litigii - servicii de asistenta si reprezentare juridica - IC Legal","description":"Litigii - IC Legal - Suntem specializati in furnizarea serviciilor de asistenta si reprezentare juridica in principal in litigii de dreptul afacerilor.","robots":{"index":"index","follow":"follow","max-snippet":"max-snippet:-1","max-image-preview":"max-image-preview:large","max-video-preview":"max-video-preview:-1"},"canonical":"https:\/\/ic.legal\/it\/servicii\/litigii\/","og_locale":"it_IT","og_type":"article","og_title":"Litigii - servicii de asistenta si reprezentare juridica - IC Legal","og_description":"Litigii - IC Legal - Suntem specializati in furnizarea serviciilor de asistenta si reprezentare juridica in principal in litigii de dreptul afacerilor.","og_url":"https:\/\/ic.legal\/it\/servicii\/litigii\/","og_site_name":"IC Legal","article_modified_time":"2019-04-03T10:15:38+00:00","twitter_card":"summary_large_image","twitter_misc":{"Tempo di lettura stimato":"4 minuti"},"schema":{"@context":"https:\/\/schema.org","@graph":[{"@type":"WebPage","@id":"https:\/\/ic.legal\/it\/servicii\/litigii\/","url":"https:\/\/ic.legal\/it\/servicii\/litigii\/","name":"Litigii - servicii de asistenta si reprezentare juridica - IC Legal","isPartOf":{"@id":"https:\/\/ic.legal\/#website"},"datePublished":"2019-03-19T12:25:23+00:00","dateModified":"2019-04-03T10:15:38+00:00","description":"Litigii - IC Legal - Suntem specializati in furnizarea serviciilor de asistenta si reprezentare juridica in principal in litigii de dreptul afacerilor.","breadcrumb":{"@id":"https:\/\/ic.legal\/it\/servicii\/litigii\/#breadcrumb"},"inLanguage":"it-IT","potentialAction":[{"@type":"ReadAction","target":["https:\/\/ic.legal\/it\/servicii\/litigii\/"]}]},{"@type":"BreadcrumbList","@id":"https:\/\/ic.legal\/it\/servicii\/litigii\/#breadcrumb","itemListElement":[{"@type":"ListItem","position":1,"name":"Home","item":"https:\/\/ic.legal\/"},{"@type":"ListItem","position":2,"name":"Servizi","item":"https:\/\/ic.legal\/it\/servicii\/"},{"@type":"ListItem","position":3,"name":"Contenzioso"}]},{"@type":"WebSite","@id":"https:\/\/ic.legal\/#website","url":"https:\/\/ic.legal\/","name":"IC Legal","description":"Servizi legali per arbitrato internazionale, appalti pubblici, costruzioni &amp; FIDIC","potentialAction":[{"@type":"SearchAction","target":{"@type":"EntryPoint","urlTemplate":"https:\/\/ic.legal\/?s={search_term_string}"},"query-input":{"@type":"PropertyValueSpecification","valueRequired":true,"valueName":"search_term_string"}}],"inLanguage":"it-IT"}]}},"_links":{"self":[{"href":"https:\/\/ic.legal\/it\/wp-json\/wp\/v2\/pages\/130","targetHints":{"allow":["GET"]}}],"collection":[{"href":"https:\/\/ic.legal\/it\/wp-json\/wp\/v2\/pages"}],"about":[{"href":"https:\/\/ic.legal\/it\/wp-json\/wp\/v2\/types\/page"}],"author":[{"embeddable":true,"href":"https:\/\/ic.legal\/it\/wp-json\/wp\/v2\/users\/1"}],"replies":[{"embeddable":true,"href":"https:\/\/ic.legal\/it\/wp-json\/wp\/v2\/comments?post=130"}],"version-history":[{"count":19,"href":"https:\/\/ic.legal\/it\/wp-json\/wp\/v2\/pages\/130\/revisions"}],"predecessor-version":[{"id":340,"href":"https:\/\/ic.legal\/it\/wp-json\/wp\/v2\/pages\/130\/revisions\/340"}],"up":[{"embeddable":true,"href":"https:\/\/ic.legal\/it\/wp-json\/wp\/v2\/pages\/86"}],"wp:attachment":[{"href":"https:\/\/ic.legal\/it\/wp-json\/wp\/v2\/media?parent=130"}],"curies":[{"name":"wp","href":"https:\/\/api.w.org\/{rel}","templated":true}]}}