{"id":229,"date":"2019-03-20T08:50:03","date_gmt":"2019-03-20T08:50:03","guid":{"rendered":"http:\/\/ic.legal\/?page_id=229"},"modified":"2019-03-28T09:59:31","modified_gmt":"2019-03-28T09:59:31","slug":"protectia-datelor","status":"publish","type":"page","link":"https:\/\/ic.legal\/en\/protectia-datelor\/","title":{"rendered":"Data protection"},"content":{"rendered":"<p>[vc_row full_width=&#8221;stretch_row&#8221; woodmart_bg_position=&#8221;center-center&#8221; css=&#8221;.vc_custom_1552651442564{padding-top: 150px !important;padding-bottom: 50px !important;background-image: url(http:\/\/ic.legal\/wp-content\/uploads\/2019\/03\/contacth.jpg?id=34) !important;background-position: center !important;background-repeat: no-repeat !important;background-size: cover !important;}&#8221; mobile_bg_img_hidden=&#8221;no&#8221; woodmart_parallax=&#8221;0&#8243; woodmart_gradient_switch=&#8221;no&#8221; row_reverse_mobile=&#8221;0&#8243; row_reverse_tablet=&#8221;0&#8243; woodmart_disable_overflow=&#8221;0&#8243;][vc_column width=&#8221;1\/6&#8243;][\/vc_column][vc_column width=&#8221;2\/3&#8243;]\n\t\t<div id=\"wd-5c9c9afcb45a7\" class=\"title-wrapper  woodmart-title-color-primary woodmart-title-style-underlined woodmart-title-width-100 text-center woodmart-title-size-extra-large \">\n\t\t\t\n\t\t\t<div class=\"liner-continer\">\n\t\t\t\t<span class=\"left-line\"><\/span>\n\t\t\t\t<h1 class=\"woodmart-title-container title  woodmart-font-weight-\" >Data protection<\/h1>\t\t\t\t\t\t\t\t<span class=\"right-line\"><\/span>\n\t\t\t<\/div>\n\t\t\t\n\t\t\t\n\t\t\t\t\t<\/div>\n\t\t\n\t\t[\/vc_column][vc_column width=&#8221;1\/6&#8243;][\/vc_column][\/vc_row][vc_row][vc_column][vc_column_text]<strong><span class=\"intro\">ANGAJAMENTUL NOSTRU CU PRIVIRE LA DATELE DUMNEAVOASTR\u0102 CU CARACTER PERSONAL<\/span><\/strong><\/p>\n<p>Dorim s\u0103 oferim servicii juridice respectand protec\u021bia datelor la cele mai \u00eenalte standarde profesionale, dar \u0219i s\u0103 implement\u0103m cele mai \u00eenalte standarde de confiden\u021bialitate \u0219i transparen\u021b\u0103 cu privire la datele cu caracter personal pe care le prelucr\u0103m \u00een activitatea noastr\u0103 curent\u0103. Valorile noastre fundamentale sunt definite de protec\u021bia \u0219i transparen\u021ba total\u0103 \u00een ceea ce prive\u0219te prelucrarea datelor dumneavoastr\u0103 cu caracter personal \u00een cadrul prest\u0103rii serviciilor noastre \u0219i \u00een materie contractuala.<\/p>\n<p>Politica de Prelucrare a Datelor cu Caracter Personal descrie categoriile datelor dumneavoastr\u0103 cu caracter personal pe care le prelucr\u0103m, modalit\u0103\u021bile \u0219i scopurile \u00een care le colect\u0103m, \u00een ce situa\u021bii transfer\u0103m date cu caracter personal, precum \u0219i drepturile \u0219i op\u021biunile de care dispune\u021bi \u00een acest sens. \u00cen acela\u0219i timp, Politica de Prelucrare a Datelor cu Caracter Personal detaliaz\u0103 modul \u00een care prelucr\u0103m datele cu caracter personal \u00een gestionarea rela\u021biei cu clien\u021bii, cel mai adesea pentru a v\u0103 \u021bine la curent cu cele mai recente evolu\u021bii sau evenimente din domeniul dumneavoastr\u0103 de interes.<\/p>\n<p>V\u0103 rug\u0103m s\u0103 consulta\u021bi \u0219i Politica privind Cookies unde este detaliat modul \u00een care utiliz\u0103m cookie-urile \u0219i alte tehnologii similare prin intermediul paginii noastre de internet.<\/p>\n<p><strong><span class=\"intro\">OPERATORUL DATELOR DUMNEAVOASTR\u0102 CU CARACTER\u00a0 PERSONAL<\/span><\/strong><\/p>\n<p>Operatorul \u00een rela\u021bia cu datele dvs. cu caracter personal este <strong>Cabinet de Avocat Ion Florin Chivu<\/strong>, av\u00e2nd sediul \u00een <strong>Str. Gheorghe Titeica nr. 206-208 Studio 01, Bucuresti, Sector 2, 020305<\/strong><\/p>\n<p><strong><span class=\"intro\">CATEGORII DE DATE CU CARACTER PERSONAL PRELUCRATE\u00a0<\/span><\/strong><\/p>\n<p>Datele cu caracter personal pe care le prelucr\u0103m pot include:<\/p>\n<ul>\n<li>Informa\u021bii de contact, cum ar fi numele dumneavoastr\u0103, adresa po\u0219tal\u0103, inclusiv adresa de domiciliu, \u00een cazul \u00een care ne-a\u021bi comunicat-o, adresa profesional\u0103, num\u0103rul de telefon, num\u0103rul de telefon mobil, num\u0103rul de fax \u0219i adresa de e-mail;<\/li>\n<li>Informa\u021bii suplimentare prelucrate \u00een contextul unui raport contractual cu noi sau comunicate \u00een mod voluntar de c\u0103tre dumneavoastr\u0103, cum ar: fi instruc\u021biuni acordate, pl\u0103\u021bi efectuate, informa\u021bii privind orice chestiuni juridice, dispute, litigii sau alte ac\u021biuni \u00een care sunte\u021bi implicat \u00een orice calitate;<\/li>\n<li>Detalii ale vizitelor dumneavoastr\u0103 la birourile noastre, de catre noi la dumneavoastra sau orice alte detalii cu privire la modul \u00een care interac\u021biona\u021bi cu noi;<\/li>\n<li>Datele rezultate din navigarea dvs. pe pagina noastr\u0103 de internet colectate prin intermediul cookie-urilor \u0219i a tehnologiilor similare, conform\u00a0Politicii privind cookies.<\/li>\n<\/ul>\n<p><strong><span class=\"intro\">TEMEIURILE JURIDICE PENTRU PRELUCRAREA DATELOR CU CARACTER PERSONAL<\/span><\/strong><\/p>\n<p>Orice opera\u021biune de prelucrare a datelor dumneavoastr\u0103 cu caracter personal va fi efectuat\u0103 pe baza unuia dintre temeiurile juridice de mai jos:<\/p>\n<ul>\n<li>Prelucrarea este necesar\u0103 pentru \u00eencheierea sau executarea unui contract\/ factura\u00a0 la care dumneavoastr\u0103 sunte\u021bi parte;<\/li>\n<li>Prelucrarea este necesar\u0103 \u00een vederea respect\u0103rii unei obliga\u021bii legale a prestatorului;<\/li>\n<li>Prelucrarea este efectuat\u0103 \u00een temeiul consim\u021b\u0103m\u00e2ntului dumneavoastr\u0103;<\/li>\n<li>Prelucrarea este necesar\u0103 \u00een vederea protej\u0103rii intereselor dumneavoastr\u0103 sau ale altei persoane fizice;<\/li>\n<li>Prelucrarea este necesar\u0103 \u00een scopul intereselor legitime ale noastre sau ale unui ter\u021b (e.g. c\u00e2nd prelucrarea este necesar\u0103 pentru executarea unui contract la care este parte organiza\u021bia dumneavoastr\u0103);<\/li>\n<li>\u00cen cazul categoriilor speciale de date, prelucrarea se va face dac\u0103, pe l\u00e2ng\u0103 un temei juridic general de prelucrare a datelor, vor fi \u00eentrunite \u0219i una dintre urm\u0103toarele condi\u021bii specifice de prelucrare:\n<ul>\n<li>A fost ob\u021binut consim\u021bim\u00e2ntul persoanei vizate;<\/li>\n<li>Avem o obliga\u021bie legal\u0103 de prelucrare a acestor categorii de date;<\/li>\n<\/ul>\n<\/li>\n<\/ul>\n<p><strong><span class=\"intro\">\u00ceN CE SCOPURI V\u0102 PRELUCR\u0102M DATELE CU CARACTER PERSONAL?<\/span><\/strong><\/p>\n<p>V\u0103 putem folosi datele cu caracter personal \u00een urm\u0103toarele scopuri (\u201e<strong>Scopuri Permise<\/strong>\u201d):<\/p>\n<ul>\n<li>Oferirea de servicii specifice domeniului nostru de activitat;<\/li>\n<li>Gestionarea \u0219i administrarea rela\u021biei contractuale cu clien\u021bii no\u0219tri;<\/li>\n<li>Respectarea obliga\u021biilor noastre legale (cum ar fi obliga\u021bii \u00een materia combaterii sp\u0103l\u0103rii banilor \u0219i finan\u021b\u0103rii actelor de terorism, obliga\u021bii de raportare c\u0103tre autorit\u0103\u021bile fiscale);<\/li>\n<li>Gestionarea securit\u0103\u021bii \u0219i accesului \u00een birourile noastre, gestionarea utiliz\u0103rii sistemelor IT utilizate de noi (e.g. pagina de internet, platformele de management a datelor, sistemele de comunica\u021bii utilizate), inclusiv prevenirea \u0219i detectarea amenin\u021b\u0103rilor de securitate, a fraudelor sau a altor activit\u0103\u021bi neautorizate sau mali\u021bioase;<\/li>\n<li>\u00cen scopul respect\u0103rii hot\u0103r\u00e2rilor judec\u0103tore\u0219ti \u0219i exercit\u0103rii \u0219i\/sau ap\u0103r\u0103rii drepturilor \u0219i intereselor noastre;<\/li>\n<li>Analizarea \u0219i \u00eembun\u0103t\u0103\u021birea serviciilor \u0219i comunic\u0103rilor noastre c\u0103tre dumneavoastr\u0103, inclusiv\u00a0 (\u00eentruc\u00e2t avem un interes legitim s\u0103 ne \u00eembun\u0103t\u0103\u021bim \u00een mod continuu serviciile) efectuarea de sondaje \u00een r\u00e2ndul clien\u021bilor cu privire la nivelul de satisfac\u021bie al clien\u021bilor cu privire serviciile noastre;<\/li>\n<li>\u00cen orice scop aferent \u0219i\/sau auxiliar oric\u0103rora dintre cele de mai sus, sau \u00een orice alt scop pentru care datele dumneavoastr\u0103 cu caracter personal ne-au fost furnizate, cu respectarea legisla\u021biei aplicabile.<\/li>\n<\/ul>\n<p>De asemenea, pe baza consim\u021b\u0103m\u00e2ntului dumneavoastr\u0103, v\u0103 putem transmite diverse comunic\u0103ri prin canalele pe care le-a\u021bi aprobat pentru a v\u0103 \u021bine la curent cu privire la ultimele evolu\u021bii \u00een domeniu, anun\u021buri \u0219i alte informa\u021bii cu privire la serviciile, produsele, evenimentele \u0219i proiectele noastre sau alte evenimente promo\u021bionale.<\/p>\n<p><strong><span class=\"intro\">ACTUALIZAREA DATELOR DUMNEAVOASTR\u0102 CU CARACTER PERSONAL<\/span><\/strong><\/p>\n<p>\u00cen cazul \u00een care oricare dintre datele cu caracter personal pe care ni le-a\u021bi furnizat sufer\u0103 modific\u0103ri, spre exemplu dac\u0103 v\u0103 schimba\u021bi prenumele, numele sau adresa de e-mail sau dac\u0103 dori\u021bi s\u0103 anula\u021bi orice fel de cerere adresat\u0103 nou\u0103, sau dac\u0103 lua\u021bi cuno\u0219tin\u021b\u0103 de faptul c\u0103 de\u021binem orice date cu caracter personal incorecte cu privire la dumneavoastr\u0103, v\u0103 rug\u0103m s\u0103 ne contacta\u021bi prin e-mail la <a href=\"mailto:office@ionchivu.ro\">office@ionchivu.ro<\/a><\/p>\n<p>Nu vom fi r\u0103spunz\u0103tori pentru nicio pierdere decurg\u00e2nd din date cu caracter personal incorecte, neautentice, insuficiente sau incomplete pe care ni le furniza\u021bi.<\/p>\n<p><strong><span class=\"intro\">C\u00c2T TIMP P\u0102STR\u0102M DATELE DUMNEAVOASTR\u0102 CU CARACTER PERSONAL?<\/span><\/strong><\/p>\n<p>Vom \u00eenceta prelucrarea datelor cu caracter personal atunci c\u00e2nd nu mai sunt necesare \u00een mod rezonabil \u00een Scopurile Permise, ori atunci c\u00e2nd v\u0103 retrage\u021bi consim\u021b\u0103m\u00e2ntul (dac\u0103 este cazul) \u0219i (i) nu mai exist\u0103 motive legitime \u0219i imperioase care justific\u0103 prelucrarea \u00een continuare de c\u0103tre noi (inclusiv obliga\u021bia legal\u0103 de a continua s\u0103 stocheze datele respective) \u0219i care prevaleaz\u0103 asupra intereselor, drepturilor \u0219i libert\u0103\u021bilor dumneavoastr\u0103 sau (ii) dac\u0103 nu ne mai sunt necesare \u00een vederea constat\u0103rii, exercit\u0103rii sau ap\u0103r\u0103rii unui drept \u00een instan\u021b\u0103.<\/p>\n<p><strong><span class=\"intro\">DREPTURILE DUMNEAVOASTR\u0102 \u00ceN LEG\u0102TUR\u0102 CU PRELUCRAREA DATELOR CU CARACTER PERSONAL<\/span><\/strong><\/p>\n<p>Sub rezerva anumitor condi\u021bii legale, ave\u021bi urm\u0103toarele drepturi \u00een leg\u0103tur\u0103 cu prelucrarea datelor dumneavoastr\u0103 cu caracter personal:<\/p>\n<ul>\n<li>Dreptul de a solicita o copie a datelor cu caracter personal referitoare la dumneavoastr\u0103 pe care le de\u021binem;<\/li>\n<li>Dreptul la rectificarea oric\u0103ror date cu caracter personal incorecte sau incomplete;<\/li>\n<li>Dreptul la opozi\u021bie sau la restric\u021bionarea utiliz\u0103rii de c\u0103tre noi a datelor dumneavoastr\u0103 cu caracter personal;<\/li>\n<li>Dreptul de a v\u0103 retrage consim\u021b\u0103m\u00e2ntul pentru prelucrarea datelor prelucrate pe baz\u0103 de consim\u021b\u0103m\u00e2nt;<\/li>\n<li>Dreptul la \u0219tergerea datelor dumneavoastr\u0103 cu caracter personal, \u00een situa\u021biile \u00een care v-a\u021bi retras consim\u021b\u0103m\u00e2ntul, prelucrarea nu mai este necesar\u0103 sau prelucrarea respectiv\u0103 este contrar\u0103 legii;<\/li>\n<li>Dreptul la portabilitatea datelor ce v\u0103 permite s\u0103 primi\u021bi o copie a datelor prelucrate pe care le-am primit de la dumneavoastr\u0103 sau s\u0103 le transmitem unei alte entit\u0103\u021bi indicate de dumneavoastr\u0103;<\/li>\n<li>Dreptul de a v\u0103 retrage consim\u021b\u0103m\u00e2ntul pentru prelucr\u0103rile efectuate pe baz\u0103 de consim\u021b\u0103m\u00e2nt. Retragerea consim\u021b\u0103m\u00e2ntului dumneavoastr\u0103 nu va afecta legalitatea prelucr\u0103rii pe baza consim\u021b\u0103m\u00e2ntului de dinaintea retragerii acestuia. \u00cen cazurile \u00een care v\u0103 retrage\u021bi consim\u021b\u0103m\u00e2ntul, noi nu vom mai prelucra datele dumneavoastr\u0103 cu caracter personal \u0219i vom lua m\u0103surile corespunz\u0103toare pentru \u0219tergerea datelor dumneavoastr\u0103 cu caracter personal. Putem, totu\u0219i, prelucra datele dvs. cu caracter personal dac\u0103 exist\u0103 un alt temei legal pentru respectiva prelucrare.<\/li>\n<\/ul>\n<p>Dac\u0103 dori\u021bi s\u0103 v\u0103 exercita\u021bi drepturile men\u021bionate mai sus, v\u0103 rug\u0103m s\u0103 ne contacta\u021bi, folosind urm\u0103toarele detalii de contact:<\/p>\n<ul>\n<li>Str. Gheorghe Titeica nr. 206-208 Studio 01, Bucuresti, Sector 2, 020305<\/li>\n<li>E-mail: <a href=\"mailto:office@ionchivu.ro\">office@ionchivu.ro<\/a><\/li>\n<\/ul>\n<p>\u00cen ceea ce prive\u0219te comunic\u0103rile de marketing primite de la noi, pute\u021bi, de asemenea, s\u0103 v\u0103 retrage\u021bi consim\u021b\u0103m\u00e2ntul \u00een orice moment prin simpla accesare a linkului de \u201ddezabonare\u201d de la subsolul fiec\u0103rui mesaj primit prin e-mail de la noi sau prin replay la mail cu textul: Dezabonare.<\/p>\n<p>Pentru a ne conforma obliga\u021biilor legale de securitate \u0219i confiden\u021bialitate a datelor ce ne revin, atunci c\u00e2nd v\u0103 exercita\u021bi unul dintre drepturile de care beneficia\u021bi \u00een calitate de persoan\u0103 vizat\u0103, este posibil s\u0103 v\u0103 cerem s\u0103 v\u0103 dovedi\u021bi identitatea, comunic\u00e2ndu-ne o copie unui document identificare sau orice alte informa\u021bii necesare pentru a verifica faptul c\u0103 solicitarea vine din partea persoanei vizate relevante.<\/p>\n<p>Vom lua \u00een considerare orice solicit\u0103ri sau pl\u00e2ngeri pe care le primim \u0219i v\u0103 vom transmite un r\u0103spuns cu respectarea termenelor prev\u0103zute de lege. Dac\u0103 nu sunte\u021bi mul\u021bumit de r\u0103spunsul nostru sau considera\u021bi c\u0103 prelucrarea este f\u0103cut\u0103 cu \u00eenc\u0103lcarea legisla\u021biei aplicabile, pute\u021bi formula o pl\u00e2ngere la autoritatea de supraveghere a datelor din Rom\u00e2nia:\u00a0Autoritatea Na\u021bional\u0103 de Supraveghere a Prelucr\u0103rii Datelor cu Caracter Personal \u2013 cu sediul \u00een Bd. Gheorghe Magheru nr. 28-30, Bucure\u0219ti, Rom\u00e2nia.<\/p>\n<p><strong><span class=\"intro\">ACTUALIZ\u0102RI ALE ACESTEI POLITICI DE PRELUCRARE A DATELOR CU CARACTER PERSONAL<\/span><\/strong><\/p>\n<p>Cea mai recent\u0103 actualizare a acestei Politici de Prelucrare a Datelor cu Caracter Personal a fost realizat\u0103 \u00een luna Mai 2018. Ne rezerv\u0103m dreptul de a actualiza \u0219i modifica periodic aceast\u0103 Politic\u0103 de Prelucrare a Datelor cu Caracter Personal, pentru a reflecta orice modific\u0103ri ale modului \u00een care prelucr\u0103m datele dumneavoastr\u0103 cu caracter personal sau orice modific\u0103ri ale cerin\u021belor legale. \u00cen cazul oric\u0103rei astfel de modific\u0103ri, vom afi\u0219a pe pagina noastr\u0103 de internet versiunea modificat\u0103 a Politicii de Prelucrare a Datelor cu Caracter Personal \u0219i\/sau o v\u0103 vom pune la dispozi\u021bie \u00een alt mod.[\/vc_column_text][\/vc_column][\/vc_row]<\/p>\n","protected":false},"excerpt":{"rendered":"<p>[vc_row full_width=&#8221;stretch_row&#8221; woodmart_bg_position=&#8221;center-center&#8221; css=&#8221;.vc_custom_1552651442564{padding-top: 150px !important;padding-bottom: 50px !important;background-image: url(http:\/\/ic.legal\/wp-content\/uploads\/2019\/03\/contacth.jpg?id=34) !important;background-position: center !important;background-repeat: no-repeat !important;background-size: cover !important;}&#8221; mobile_bg_img_hidden=&#8221;no&#8221; woodmart_parallax=&#8221;0&#8243; woodmart_gradient_switch=&#8221;no&#8221; row_reverse_mobile=&#8221;0&#8243;<\/p>\n","protected":false},"author":1,"featured_media":0,"parent":0,"menu_order":0,"comment_status":"closed","ping_status":"closed","template":"","meta":{"footnotes":""},"class_list":["post-229","page","type-page","status-publish","hentry"],"yoast_head":"<!-- This site is optimized with the Yoast SEO plugin v27.4 - https:\/\/yoast.com\/product\/yoast-seo-wordpress\/ -->\n<title>Data protection - IC Legal<\/title>\n<meta name=\"robots\" content=\"index, follow, max-snippet:-1, max-image-preview:large, max-video-preview:-1\" \/>\n<link rel=\"canonical\" href=\"https:\/\/ic.legal\/en\/protectia-datelor\/\" \/>\n<meta property=\"og:locale\" content=\"en_US\" \/>\n<meta property=\"og:type\" content=\"article\" \/>\n<meta property=\"og:title\" content=\"Data protection - IC Legal\" \/>\n<meta property=\"og:description\" content=\"[vc_row full_width=&#8221;stretch_row&#8221; woodmart_bg_position=&#8221;center-center&#8221; css=&#8221;.vc_custom_1552651442564{padding-top: 150px !important;padding-bottom: 50px !important;background-image: url(http:\/\/ic.legal\/wp-content\/uploads\/2019\/03\/contacth.jpg?id=34) !important;background-position: center !important;background-repeat: no-repeat !important;background-size: cover !important;}&#8221; mobile_bg_img_hidden=&#8221;no&#8221; woodmart_parallax=&#8221;0&#8243; woodmart_gradient_switch=&#8221;no&#8221; row_reverse_mobile=&#8221;0&#8243;\" \/>\n<meta property=\"og:url\" content=\"https:\/\/ic.legal\/en\/protectia-datelor\/\" \/>\n<meta property=\"og:site_name\" content=\"IC Legal\" \/>\n<meta property=\"article:modified_time\" content=\"2019-03-28T09:59:31+00:00\" \/>\n<meta name=\"twitter:card\" content=\"summary_large_image\" \/>\n<meta name=\"twitter:label1\" content=\"Est. reading time\" \/>\n\t<meta name=\"twitter:data1\" content=\"10 minutes\" \/>\n<script type=\"application\/ld+json\" class=\"yoast-schema-graph\">{\"@context\":\"https:\\\/\\\/schema.org\",\"@graph\":[{\"@type\":\"WebPage\",\"@id\":\"https:\\\/\\\/ic.legal\\\/en\\\/protectia-datelor\\\/\",\"url\":\"https:\\\/\\\/ic.legal\\\/en\\\/protectia-datelor\\\/\",\"name\":\"Data protection - IC Legal\",\"isPartOf\":{\"@id\":\"https:\\\/\\\/ic.legal\\\/#website\"},\"datePublished\":\"2019-03-20T08:50:03+00:00\",\"dateModified\":\"2019-03-28T09:59:31+00:00\",\"breadcrumb\":{\"@id\":\"https:\\\/\\\/ic.legal\\\/en\\\/protectia-datelor\\\/#breadcrumb\"},\"inLanguage\":\"en-US\",\"potentialAction\":[{\"@type\":\"ReadAction\",\"target\":[\"https:\\\/\\\/ic.legal\\\/en\\\/protectia-datelor\\\/\"]}]},{\"@type\":\"BreadcrumbList\",\"@id\":\"https:\\\/\\\/ic.legal\\\/en\\\/protectia-datelor\\\/#breadcrumb\",\"itemListElement\":[{\"@type\":\"ListItem\",\"position\":1,\"name\":\"Home\",\"item\":\"https:\\\/\\\/ic.legal\\\/\"},{\"@type\":\"ListItem\",\"position\":2,\"name\":\"Data protection\"}]},{\"@type\":\"WebSite\",\"@id\":\"https:\\\/\\\/ic.legal\\\/#website\",\"url\":\"https:\\\/\\\/ic.legal\\\/\",\"name\":\"IC Legal\",\"description\":\"Legal services for international arbitration, public procurement, construction &amp; FIDIC\",\"potentialAction\":[{\"@type\":\"SearchAction\",\"target\":{\"@type\":\"EntryPoint\",\"urlTemplate\":\"https:\\\/\\\/ic.legal\\\/?s={search_term_string}\"},\"query-input\":{\"@type\":\"PropertyValueSpecification\",\"valueRequired\":true,\"valueName\":\"search_term_string\"}}],\"inLanguage\":\"en-US\"}]}<\/script>\n<!-- \/ Yoast SEO plugin. -->","yoast_head_json":{"title":"Data protection - IC Legal","robots":{"index":"index","follow":"follow","max-snippet":"max-snippet:-1","max-image-preview":"max-image-preview:large","max-video-preview":"max-video-preview:-1"},"canonical":"https:\/\/ic.legal\/en\/protectia-datelor\/","og_locale":"en_US","og_type":"article","og_title":"Data protection - IC Legal","og_description":"[vc_row full_width=&#8221;stretch_row&#8221; woodmart_bg_position=&#8221;center-center&#8221; css=&#8221;.vc_custom_1552651442564{padding-top: 150px !important;padding-bottom: 50px !important;background-image: url(http:\/\/ic.legal\/wp-content\/uploads\/2019\/03\/contacth.jpg?id=34) !important;background-position: center !important;background-repeat: no-repeat !important;background-size: cover !important;}&#8221; mobile_bg_img_hidden=&#8221;no&#8221; woodmart_parallax=&#8221;0&#8243; woodmart_gradient_switch=&#8221;no&#8221; row_reverse_mobile=&#8221;0&#8243;","og_url":"https:\/\/ic.legal\/en\/protectia-datelor\/","og_site_name":"IC Legal","article_modified_time":"2019-03-28T09:59:31+00:00","twitter_card":"summary_large_image","twitter_misc":{"Est. reading time":"10 minutes"},"schema":{"@context":"https:\/\/schema.org","@graph":[{"@type":"WebPage","@id":"https:\/\/ic.legal\/en\/protectia-datelor\/","url":"https:\/\/ic.legal\/en\/protectia-datelor\/","name":"Data protection - IC Legal","isPartOf":{"@id":"https:\/\/ic.legal\/#website"},"datePublished":"2019-03-20T08:50:03+00:00","dateModified":"2019-03-28T09:59:31+00:00","breadcrumb":{"@id":"https:\/\/ic.legal\/en\/protectia-datelor\/#breadcrumb"},"inLanguage":"en-US","potentialAction":[{"@type":"ReadAction","target":["https:\/\/ic.legal\/en\/protectia-datelor\/"]}]},{"@type":"BreadcrumbList","@id":"https:\/\/ic.legal\/en\/protectia-datelor\/#breadcrumb","itemListElement":[{"@type":"ListItem","position":1,"name":"Home","item":"https:\/\/ic.legal\/"},{"@type":"ListItem","position":2,"name":"Data protection"}]},{"@type":"WebSite","@id":"https:\/\/ic.legal\/#website","url":"https:\/\/ic.legal\/","name":"IC Legal","description":"Legal services for international arbitration, public procurement, construction &amp; FIDIC","potentialAction":[{"@type":"SearchAction","target":{"@type":"EntryPoint","urlTemplate":"https:\/\/ic.legal\/?s={search_term_string}"},"query-input":{"@type":"PropertyValueSpecification","valueRequired":true,"valueName":"search_term_string"}}],"inLanguage":"en-US"}]}},"_links":{"self":[{"href":"https:\/\/ic.legal\/en\/wp-json\/wp\/v2\/pages\/229","targetHints":{"allow":["GET"]}}],"collection":[{"href":"https:\/\/ic.legal\/en\/wp-json\/wp\/v2\/pages"}],"about":[{"href":"https:\/\/ic.legal\/en\/wp-json\/wp\/v2\/types\/page"}],"author":[{"embeddable":true,"href":"https:\/\/ic.legal\/en\/wp-json\/wp\/v2\/users\/1"}],"replies":[{"embeddable":true,"href":"https:\/\/ic.legal\/en\/wp-json\/wp\/v2\/comments?post=229"}],"version-history":[{"count":5,"href":"https:\/\/ic.legal\/en\/wp-json\/wp\/v2\/pages\/229\/revisions"}],"predecessor-version":[{"id":289,"href":"https:\/\/ic.legal\/en\/wp-json\/wp\/v2\/pages\/229\/revisions\/289"}],"wp:attachment":[{"href":"https:\/\/ic.legal\/en\/wp-json\/wp\/v2\/media?parent=229"}],"curies":[{"name":"wp","href":"https:\/\/api.w.org\/{rel}","templated":true}]}}